{"id":2,"date":"2014-03-08T14:38:55","date_gmt":"2014-03-08T12:38:55","guid":{"rendered":"http:\/\/hoffmannsound.de\/WordPress1\/?page_id=2"},"modified":"2026-01-30T16:15:01","modified_gmt":"2026-01-30T14:15:01","slug":"beispiel-seite","status":"publish","type":"page","link":"https:\/\/hoffmannsound.de\/","title":{"rendered":"News"},"content":{"rendered":"<p><strong>N\u00e4chster Live-Termin:<\/strong><\/p>\n<p><strong>20.02.2026<a name=\"imageclose-3\"><div class=\"lb-album\"><a href=\"#image-3\"><img src=\"https:\/\/hoffmannsound.de\/wp-content\/uploads\/2026\/01\/Tanz-dich-gluecklich-In-Kurven-konvertiert-1920x1080-1-150x150.jpg\"  class=\"alignright size-thumbnail wp-image-1305\"><span><\/span><\/a><\/div>              \r\n<a href=\"#imageclose-3\" class=\"css3lightbox-close\">\r\n\t\t\t\t   <div class=\"lb-overlay\" id=\"image-3\">\r\n                   <img src=\"https:\/\/hoffmannsound.de\/wp-content\/uploads\/2026\/01\/Tanz-dich-gluecklich-In-Kurven-konvertiert-1920x1080-1.jpg\" alt=\"image-3\">\r\n                   <\/div><\/a><br \/>\nKuKuKbeats mit DJ Beatkeeper<\/strong>!<\/p>\n<p>Wenn die Tr\u00f6ten verstummt sind&#8230;<br \/>\nKommt DJ Beatkeeper aka &#8222;Der Mann mit der Trommel&#8220; ins KuKuK!<\/p>\n<p><strong>Tanz dich gl\u00fccklich!<\/strong><br \/>\nMit Worldbeat, House, Elektro, Freakyfunky-Stuff + Percussion + some psychedelic dub Effects!<\/p>\n<p>Tanzen, abfeiern, genie\u00dfen im ehemaligen deutschen Zollhaus.<br \/>\nJe nach Wetter wird die Feuerschale angeheizt!<\/p>\n<p>Eintritt:<br \/>\n8 \u20ac Vorverkauf<br \/>\n10 \u20ac Abendkasse<\/p>\n<p>Tickets gibt es <a href=\"https:\/\/kukukandergrenze.eu\/events\/kukukbeats-mit-dj-beatkeeper-aka-der-mann-mit-der-trommel\/\" target=\"_blank\" rel=\"noopener\">hier<\/a><\/p>\n<hr \/>\n<p><strong>Mein neues DJ-Projekt:<\/strong><\/p>\n<p data-start=\"267\" data-end=\"588\"><strong data-start=\"267\" data-end=\"297\">Ecstatic Groove Connection<\/strong> ist mein neues DJ- und Live-Percussion-Projekt mit <strong data-start=\"349\" data-end=\"365\">Veu de Bahia<\/strong>. Ich lege auf, bewege mich zwischen verschiedenen Stilrichtungen elektronischer Musik und bringe auch eigene Percussion-Elemente ein. Veu erg\u00e4nzt den Sound mit brasilianischen und westafrikanischen Percussion-Instrumenten.<\/p>\n<p data-start=\"590\" data-end=\"894\">Gemeinsam verweben wir elektronische Beats mit erdigen, handgespielten Grooves \u2013 mal dezent und mit organischen Dub-Effekten angereichert, mal kraftvoll und ekstatisch, bis sich Klang und Bewegung zur rhythmischen Trance verdichten.<br data-start=\"822\" data-end=\"825\" \/>Unsere Sets entstehen aus dem Moment: intuitiv, tanzbar und lebendig.<\/p>\n<p data-start=\"896\" data-end=\"966\">Ideal f\u00fcr Festivals, Ecstatic Dance, Clubn\u00e4chte oder besondere Events.<\/p>\n<p data-start=\"567\" data-end=\"637\"><div  id=\"_ytid_23861\" class=\"__youtube_prefs__  __youtube_prefs_gdpr__ \" allowfullscreen data-no-lazy=\"1\" data-skipgform_ajax_framebjll=\"\"><p><strong>Please accept YouTube cookies to play this video.<\/strong> By accepting you will be accessing content from YouTube, a service provided by an external third party.<\/p>\n<p><a href=\"https:\/\/policies.google.com\/privacy\" target=\"_blank\" rel=\"noopener\">YouTube privacy policy<\/a><\/p>\n<p>If you accept this notice, your choice will be saved and the page will refresh.<\/p>\n<button type=\"button\" class=\"__youtube_prefs_gdpr__\">Accept YouTube Content<img decoding=\"async\" src=\"https:\/\/hoffmannsound.de\/wp-content\/plugins\/youtube-embed-plus\/images\/icon-check.png\" alt=\"accept\" data-no-lazy=\"1\" data-skipgform_ajax_framebjll=\"\" \/><\/button><\/div><\/p>\n<hr \/>\n<p><strong>Der Schl\u00fcssel<\/strong><br \/>\nEin spontan entstandener Song:<\/p>\n<div  id=\"_ytid_64799\" class=\"__youtube_prefs__  __youtube_prefs_gdpr__ \" allowfullscreen data-no-lazy=\"1\" data-skipgform_ajax_framebjll=\"\"><p><strong>Please accept YouTube cookies to play this video.<\/strong> By accepting you will be accessing content from YouTube, a service provided by an external third party.<\/p>\n<p><a href=\"https:\/\/policies.google.com\/privacy\" target=\"_blank\" rel=\"noopener\">YouTube privacy policy<\/a><\/p>\n<p>If you accept this notice, your choice will be saved and the page will refresh.<\/p>\n<button type=\"button\" class=\"__youtube_prefs_gdpr__\">Accept YouTube Content<img decoding=\"async\" src=\"https:\/\/hoffmannsound.de\/wp-content\/plugins\/youtube-embed-plus\/images\/icon-check.png\" alt=\"accept\" data-no-lazy=\"1\" data-skipgform_ajax_framebjll=\"\" \/><\/button><\/div>\n<hr \/>\n<p>Mein Online-Projekt w\u00e4hrend der Corona-Zeit:<\/p>\n<p><strong>#hometohome<\/strong><br \/>\nKeine Konzerte, keine DJ-Sets vor extatischen T\u00e4nzern und T\u00e4nzerinnen! Und doch hatte ich das Bed\u00fcrfnis, durch meine Musik in Kontakt zu gehen!<br \/>\nDaher habe ich mir dieses Projekt \u00fcberlegt:<br \/>\nIch improvisiere nacheinander auf verschiedenen Instrumenten, nehme Ton und Video auf, mische die Audiospuren und Videos zusammen, ver\u00f6ffentliche diese jeweils auf YouTube und gebe anderen Musikern die M\u00f6glichkeit, ihren Beitrag auf Audio und Video beizusteuern. Ich integriere die neuen Spuren und lade das Ergebnis wieder auf YouTube hoch!<\/p>\n<p>Hier ist die Playliste der Session:<\/p>\n<div id=\"content\" class=\"style-scope ytd-expander\">\n<div id=\"description-form\" class=\"style-scope ytd-playlist-sidebar-primary-info-renderer\">\n<div id=\"display-dialog\" class=\"style-scope ytd-inline-form-renderer\"><\/div>\n<\/div>\n<\/div>\n<div id=\"owner-container\" class=\"style-scope ytd-playlist-sidebar-secondary-info-renderer\">\n<div id=\"video-owner\" class=\"style-scope ytd-playlist-sidebar-secondary-info-renderer\"><\/div>\n<\/div>\n<p><iframe loading=\"lazy\" src=\"https:\/\/www.youtube.com\/embed\/videoseries?list=PLifOWqxfZBvWLRb9HPXdhH-24FzmvipNC\" width=\"560\" height=\"315\" frameborder=\"0\" allowfullscreen=\"allowfullscreen\"><\/iframe><\/p>\n<hr \/>\n","protected":false},"excerpt":{"rendered":"<p>N\u00e4chster Live-Termin: 20.02.2026 KuKuKbeats mit DJ Beatkeeper! Wenn die Tr\u00f6ten verstummt sind&#8230; Kommt DJ Beatkeeper aka &#8222;Der Mann mit der Trommel&#8220; ins KuKuK! Tanz dich gl\u00fccklich! Mit Worldbeat, House, Elektro, Freakyfunky-Stuff + Percussion + some psychedelic dub Effects! Tanzen, abfeiern, genie\u00dfen im ehemaligen deutschen Zollhaus. Je nach Wetter wird die Feuerschale angeheizt! Eintritt: 8 \u20ac &hellip; <a href=\"https:\/\/hoffmannsound.de\/\" class=\"more-link\"><span class=\"screen-reader-text\">News<\/span> weiterlesen <span class=\"meta-nav\">&rarr;<\/span><\/a><\/p>\n","protected":false},"author":1,"featured_media":0,"parent":0,"menu_order":1,"comment_status":"closed","ping_status":"closed","template":"","meta":{"footnotes":""},"class_list":["post-2","page","type-page","status-publish","hentry"],"_links":{"self":[{"href":"https:\/\/hoffmannsound.de\/index.php?rest_route=\/wp\/v2\/pages\/2","targetHints":{"allow":["GET"]}}],"collection":[{"href":"https:\/\/hoffmannsound.de\/index.php?rest_route=\/wp\/v2\/pages"}],"about":[{"href":"https:\/\/hoffmannsound.de\/index.php?rest_route=\/wp\/v2\/types\/page"}],"author":[{"embeddable":true,"href":"https:\/\/hoffmannsound.de\/index.php?rest_route=\/wp\/v2\/users\/1"}],"replies":[{"embeddable":true,"href":"https:\/\/hoffmannsound.de\/index.php?rest_route=%2Fwp%2Fv2%2Fcomments&post=2"}],"version-history":[{"count":254,"href":"https:\/\/hoffmannsound.de\/index.php?rest_route=\/wp\/v2\/pages\/2\/revisions"}],"predecessor-version":[{"id":1307,"href":"https:\/\/hoffmannsound.de\/index.php?rest_route=\/wp\/v2\/pages\/2\/revisions\/1307"}],"wp:attachment":[{"href":"https:\/\/hoffmannsound.de\/index.php?rest_route=%2Fwp%2Fv2%2Fmedia&parent=2"}],"curies":[{"name":"wp","href":"https:\/\/api.w.org\/{rel}","templated":true}]}}