{"id":39,"date":"2014-05-17T01:35:28","date_gmt":"2014-05-16T23:35:28","guid":{"rendered":"http:\/\/hoffmannsound.de\/?page_id=39"},"modified":"2025-06-11T18:13:50","modified_gmt":"2025-06-11T16:13:50","slug":"medien","status":"publish","type":"page","link":"https:\/\/hoffmannsound.de\/?page_id=39","title":{"rendered":"Medien"},"content":{"rendered":"<h5>VIDEO:<\/h5>\n<hr \/>\n<h5>Hier geht es zu meinem <a href=\"https:\/\/www.youtube.com\/channel\/UC2HEOZDVOK8tyuXojeVI06w\" target=\"_blank\" rel=\"noopener\">YouTube-Kanal<\/a><\/h5>\n<hr \/>\n<p>Ecstatic Groove Connection &#8211; Ausschnitte des Sets vom 21.03.2025<\/p>\n<h5><div  id=\"_ytid_37782\" class=\"__youtube_prefs__  __youtube_prefs_gdpr__ \" allowfullscreen data-no-lazy=\"1\" data-skipgform_ajax_framebjll=\"\"><p><strong>Please accept YouTube cookies to play this video.<\/strong> By accepting you will be accessing content from YouTube, a service provided by an external third party.<\/p>\n<p><a href=\"https:\/\/policies.google.com\/privacy\" target=\"_blank\" rel=\"noopener\">YouTube privacy policy<\/a><\/p>\n<p>If you accept this notice, your choice will be saved and the page will refresh.<\/p>\n<button type=\"button\" class=\"__youtube_prefs_gdpr__\">Accept YouTube Content<img decoding=\"async\" src=\"https:\/\/hoffmannsound.de\/wp-content\/plugins\/youtube-embed-plus\/images\/icon-check.png\" alt=\"accept\" data-no-lazy=\"1\" data-skipgform_ajax_framebjll=\"\" \/><\/button><\/div><\/h5>\n<p>Local Groove Collective, Silvester 2014, Franz, Aachen<\/p>\n<p><iframe loading=\"lazy\" src=\"\/\/www.youtube.com\/embed\/KhafQSsfypo\" width=\"560\" height=\"315\" frameborder=\"0\" allowfullscreen=\"allowfullscreen\"><\/iframe><\/p>\n<p>Resonanzen &#8211; Duo f\u00fcr K\u00f6rper und Fl\u00fcgel | Aachen | 21.08.2021<\/p>\n<div  id=\"_ytid_86875\" class=\"__youtube_prefs__  __youtube_prefs_gdpr__ \" allowfullscreen data-no-lazy=\"1\" data-skipgform_ajax_framebjll=\"\"><p><strong>Please accept YouTube cookies to play this video.<\/strong> By accepting you will be accessing content from YouTube, a service provided by an external third party.<\/p>\n<p><a href=\"https:\/\/policies.google.com\/privacy\" target=\"_blank\" rel=\"noopener\">YouTube privacy policy<\/a><\/p>\n<p>If you accept this notice, your choice will be saved and the page will refresh.<\/p>\n<button type=\"button\" class=\"__youtube_prefs_gdpr__\">Accept YouTube Content<img decoding=\"async\" src=\"https:\/\/hoffmannsound.de\/wp-content\/plugins\/youtube-embed-plus\/images\/icon-check.png\" alt=\"accept\" data-no-lazy=\"1\" data-skipgform_ajax_framebjll=\"\" \/><\/button><\/div>\n<p>Ab und an und dazwischen &#8211; Ausschnitte der Musik- und Tanz-Performance vom 1. 9. 2012<\/p>\n<p><iframe loading=\"lazy\" src=\"\/\/www.youtube.com\/embed\/__aCaxJM560\" width=\"560\" height=\"315\" frameborder=\"0\" allowfullscreen=\"allowfullscreen\"><\/iframe><\/p>\n<p>Ausschnitt vom Auftritt beim Klangwellen-Festival am\u00a023.6.2012 in K\u00f6ln<\/p>\n<p><iframe loading=\"lazy\" src=\"\/\/www.youtube.com\/embed\/F7v7odBN0zg\" width=\"560\" height=\"315\" frameborder=\"0\" allowfullscreen=\"allowfullscreen\"><\/iframe><\/p>\n<h5><a title=\"Fotos\" href=\"https:\/\/hoffmannsound.de\/?p=569\">FOTOS<\/a><\/h5>\n<hr \/>\n<h5>AUDIO<\/h5>\n<hr \/>\n<p><iframe loading=\"lazy\" src=\"https:\/\/w.soundcloud.com\/player\/?url=https%3A\/\/api.soundcloud.com\/tracks\/36168374&amp;color=ff5500&amp;auto_play=false&amp;hide_related=false&amp;show_artwork=true\" width=\"100%\" height=\"166\" frameborder=\"no\" scrolling=\"no\"><\/iframe><\/p>\n","protected":false},"excerpt":{"rendered":"<p>VIDEO: Hier geht es zu meinem YouTube-Kanal Ecstatic Groove Connection &#8211; Ausschnitte des Sets vom 21.03.2025 Local Groove Collective, Silvester 2014, Franz, Aachen Resonanzen &#8211; Duo f\u00fcr K\u00f6rper und Fl\u00fcgel | Aachen | 21.08.2021 Ab und an und dazwischen &#8211; Ausschnitte der Musik- und Tanz-Performance vom 1. 9. 2012 Ausschnitt vom Auftritt beim Klangwellen-Festival am\u00a023.6.2012 &hellip; <a href=\"https:\/\/hoffmannsound.de\/?page_id=39\" class=\"more-link\"><span class=\"screen-reader-text\">Medien<\/span> weiterlesen <span class=\"meta-nav\">&rarr;<\/span><\/a><\/p>\n","protected":false},"author":1,"featured_media":0,"parent":0,"menu_order":4,"comment_status":"closed","ping_status":"closed","template":"","meta":{"footnotes":""},"class_list":["post-39","page","type-page","status-publish","hentry"],"_links":{"self":[{"href":"https:\/\/hoffmannsound.de\/index.php?rest_route=\/wp\/v2\/pages\/39","targetHints":{"allow":["GET"]}}],"collection":[{"href":"https:\/\/hoffmannsound.de\/index.php?rest_route=\/wp\/v2\/pages"}],"about":[{"href":"https:\/\/hoffmannsound.de\/index.php?rest_route=\/wp\/v2\/types\/page"}],"author":[{"embeddable":true,"href":"https:\/\/hoffmannsound.de\/index.php?rest_route=\/wp\/v2\/users\/1"}],"replies":[{"embeddable":true,"href":"https:\/\/hoffmannsound.de\/index.php?rest_route=%2Fwp%2Fv2%2Fcomments&post=39"}],"version-history":[{"count":26,"href":"https:\/\/hoffmannsound.de\/index.php?rest_route=\/wp\/v2\/pages\/39\/revisions"}],"predecessor-version":[{"id":1297,"href":"https:\/\/hoffmannsound.de\/index.php?rest_route=\/wp\/v2\/pages\/39\/revisions\/1297"}],"wp:attachment":[{"href":"https:\/\/hoffmannsound.de\/index.php?rest_route=%2Fwp%2Fv2%2Fmedia&parent=39"}],"curies":[{"name":"wp","href":"https:\/\/api.w.org\/{rel}","templated":true}]}}